{"id":30,"date":"2025-11-28T11:11:52","date_gmt":"2025-11-28T11:11:52","guid":{"rendered":"https:\/\/optimedacores.pt\/?page_id=30"},"modified":"2026-02-03T10:29:21","modified_gmt":"2026-02-03T10:29:21","slug":"quem-somos","status":"publish","type":"page","link":"https:\/\/optimed.pt\/en\/quem-somos\/","title":{"rendered":"Optimed"},"content":{"rendered":"<p>For over two decades, we have combined innovation and professionalism to offer complete and customized visual solutions.<\/p>\n\n\n\n<p>Optimed was founded in 2002 with the goal of providing comprehensive and innovative vision care.<br>Over the years, we have kept pace with the evolution of the sector, continuously investing in cutting-edge technology and a highly qualified team.<\/p>\n\n\n\n<p>We have created a space that combines optometry, contact lenses and optics, also offering complementary services such as after-sales support, technical assistance and a fit guarantee \u2013 all designed to meet the real needs of each client.<\/p>\n\n\n\n<p><\/p>","protected":false},"excerpt":{"rendered":"H\u00e1 mais de duas d\u00e9cadas que aliamos inova\u00e7\u00e3o e profissionalismo para oferecer solu\u00e7\u00f5es visuais completas e personalizadas. A Optimed nasceu em 2002 com o objetivo de cuidar da vis\u00e3o de forma completa e inovadora.Ao longo dos anos, temos acompanhado a evolu\u00e7\u00e3o do setor, investindo continuamente em tecnologia de \u00faltima gera\u00e7\u00e3o e numa equipa altamente qualificada&#8230;. <a class=\"view-article\" href=\"https:\/\/optimed.pt\/en\/quem-somos\/\">View Article<\/a>","protected":false},"author":1,"featured_media":234,"parent":0,"menu_order":0,"comment_status":"closed","ping_status":"closed","template":"page-quem-somos.php","meta":{"footnotes":""},"class_list":["post-30","page","type-page","status-publish","has-post-thumbnail","hentry"],"_links":{"self":[{"href":"https:\/\/optimed.pt\/en\/wp-json\/wp\/v2\/pages\/30","targetHints":{"allow":["GET"]}}],"collection":[{"href":"https:\/\/optimed.pt\/en\/wp-json\/wp\/v2\/pages"}],"about":[{"href":"https:\/\/optimed.pt\/en\/wp-json\/wp\/v2\/types\/page"}],"author":[{"embeddable":true,"href":"https:\/\/optimed.pt\/en\/wp-json\/wp\/v2\/users\/1"}],"replies":[{"embeddable":true,"href":"https:\/\/optimed.pt\/en\/wp-json\/wp\/v2\/comments?post=30"}],"version-history":[{"count":3,"href":"https:\/\/optimed.pt\/en\/wp-json\/wp\/v2\/pages\/30\/revisions"}],"predecessor-version":[{"id":242,"href":"https:\/\/optimed.pt\/en\/wp-json\/wp\/v2\/pages\/30\/revisions\/242"}],"wp:featuredmedia":[{"embeddable":true,"href":"https:\/\/optimed.pt\/en\/wp-json\/wp\/v2\/media\/234"}],"wp:attachment":[{"href":"https:\/\/optimed.pt\/en\/wp-json\/wp\/v2\/media?parent=30"}],"curies":[{"name":"wp","href":"https:\/\/api.w.org\/{rel}","templated":true}]}}