{"id":3,"date":"2025-11-20T12:15:37","date_gmt":"2025-11-20T12:15:37","guid":{"rendered":"https:\/\/optimedacores.pt\/?page_id=3"},"modified":"2026-04-07T10:55:25","modified_gmt":"2026-04-07T10:55:25","slug":"privacy-policy","status":"publish","type":"page","link":"https:\/\/optimed.pt\/en\/privacy-policy\/","title":{"rendered":"Privacy Policy"},"content":{"rendered":"<h2 class=\"wp-block-heading\">1. \u00c2MBITO DE APLICA\u00c7\u00c3O E RESPONS\u00c1VEL PELO TRATAMENTO DE DADOS<\/h2>\n\n\n\n<p>Esta pol\u00edtica de privacidade aplica-se a todos os dados pessoais recolhidos atrav\u00e9s do website <strong>www.optimed.pt<\/strong> da Optimed. A entidade respons\u00e1vel pelo tratamento destes dados \u00e9: Optimed, com o n\u00famero de pessoa coletiva 512072280, com sede na Rua de S\u00e3o Jo\u00e3o n\u00ba20, Munic\u00edpio de Ponta Delgada. O utilizador deve ler com aten\u00e7\u00e3o esta pol\u00edtica de privacidade e decidir de forma livre se pretende facultar os seus dados pessoais \u00e0 Optimed, antes de utilizar o website. O utilizador garante que \u00e9 maior de idade e que os dados comunicados s\u00e3o verdadeiros, exatos, completos e atuais, sendo respons\u00e1vel por qualquer desconformidade. Caso os dados comunicados perten\u00e7am a um terceiro, o utilizador garante que informou esse terceiro sobre as condi\u00e7\u00f5es previstas neste documento e que obteve a sua autoriza\u00e7\u00e3o para facultar os seus dados \u00e0 Optimed para as finalidades indicadas. Pode contactar a Optimed sobre qualquer quest\u00e3o relacionada com a presente pol\u00edtica de privacidade, atrav\u00e9s dos seguintes pontos de contacto:<br>\u200d<br>Atendimento a clientes: 296 285 649 ou 296 098 863<br>Contacto eletr\u00f3nico: geral@optimed.pt<\/p>\n\n\n\n<h2 class=\"wp-block-heading\">2. FINALIDADES DO TRATAMENTO E FUNDAMENTO JUR\u00cdDICO<\/h2>\n\n\n\n<p>Os dados pessoais recolhidos atrav\u00e9s do Website destinam-se a permitir dar resposta ou seguimento aos pedidos do utilizador, sendo tratados para as seguintes finalidades:<br>\u200d<br>&#8211; Elaborar, dirigir e consultar os pedidos de informa\u00e7\u00e3o e\/ou reclama\u00e7\u00f5es;<br>&#8211; Contratar e\/ou solicitar o contacto relacionado com servi\u00e7os e\/ou equipamentos;<br>&#8211; Aderir a parcerias promovidas pela Optimed em conjunto com os seus parceiros;<br>&#8211; Participar em campanhas e passatempos, no \u00e2mbito das vantagens e benef\u00edcios;<br>&#8211; Agendamento de visita \u00e0s instala\u00e7\u00f5es.<br><br>O tratamento de dados pessoais \u00e9 necess\u00e1rio para efetuar as opera\u00e7\u00f5es acima referidas no contexto da execu\u00e7\u00e3o do contrato entre o utilizador e a Optimed, ou, de dilig\u00eancias pr\u00e9-contratuais a pedido do utilizador. A ades\u00e3o a parcerias promovidas pela Optimed, atrav\u00e9s do website, poder\u00e1 requerer a partilha e transmiss\u00e3o dos seus dados pessoais junto dos parceiros da Optimed. A Optimed apenas ir\u00e1 partilhar os seus dados pessoais com os referidos parceiros na medida do estritamente necess\u00e1rio e, sempre que aplic\u00e1vel, ap\u00f3s recolha do seu consentimento pr\u00e9vio e aceita\u00e7\u00e3o dos termos e condi\u00e7\u00f5es de ades\u00e3o espec\u00edficos da parceria, dispon\u00edveis no momento da recolha de dados pessoais para esta finalidade.<\/p>\n\n\n\n<h2 class=\"wp-block-heading\">3. DESTINAT\u00c1RIOS<\/h2>\n\n\n\n<p>Os dados pessoais do utilizador poder\u00e3o ser comunicados a prestadores de servi\u00e7os id\u00f3neos contratados pela Optimed, os quais tratar\u00e3o os dados exclusivamente para as finalidades estabelecidas pela Optimed, e, em observ\u00e2ncia das instru\u00e7\u00f5es por esta emitidas, cumprindo rigorosamente as normas legais sobre prote\u00e7\u00e3o de dados pessoais, seguran\u00e7a da informa\u00e7\u00e3o e demais normas aplic\u00e1veis nos termos de um acordo escrito celebrado entre as partes. Os dados pessoais do utilizador poder\u00e3o ser tamb\u00e9m comunicados a parceiros comerciais da <strong>Optimed<\/strong> para efeitos de ades\u00e3o a uma parceria, a pedido do utilizador e ap\u00f3s recolha de consentimento para esta finalidade. A Optimed pode ainda comunicar os dados pessoais do utilizador a terceiros quando a transmiss\u00e3o seja efetuada no \u00e2mbito do cumprimento de uma obriga\u00e7\u00e3o legal, de uma delibera\u00e7\u00e3o da Comiss\u00e3o Nacional de Prote\u00e7\u00e3o de Dados ou de outra autoridade de controlo relevante, ou de uma ordem judicial. Podem ainda ser comunicados para qualquer outra finalidade leg\u00edtima prevista na lei.<\/p>\n\n\n\n<h2 class=\"wp-block-heading\">4. TRANSFER\u00caNCIAS INTERNACIONAIS DE DADOS<\/h2>\n\n\n\n<p>A Optimed procurar\u00e1 assegurar que o tratamento de dados pessoais acontece inteiramente no Espa\u00e7o Econ\u00f3mico Europeu. Excecionalmente e quando estritamente necess\u00e1rio para a prossecu\u00e7\u00e3o das finalidades de tratamento descritas nesta Pol\u00edtica, a Optimed poder\u00e1 transferir os dados pessoais recolhidos para pa\u00edses terceiros ou organiza\u00e7\u00f5es internacionais para os quais exista uma decis\u00e3o de adequa\u00e7\u00e3o da Comiss\u00e3o Europeia ou sujeitos \u00e0s salvaguardas adequadas previstas na lei, como por exemplo a celebra\u00e7\u00e3o de cl\u00e1usulas contratuais-tipo para a transfer\u00eancia de dados pessoais (nos termos do artigo 46.\u00ba do RGPD). Quando transfira dados para pa\u00edses terceiros ou organiza\u00e7\u00f5es internacionais com base em salvaguardas adequadas, a Optimed assegurar\u00e1 as medidas suplementares para garantir que os dados pessoais gozam de um n\u00edvel de prote\u00e7\u00e3o essencialmente equivalente ao existente na Uni\u00e3o Europeia.<\/p>\n\n\n\n<h2 class=\"wp-block-heading\">5. PRAZO DE CONSERVA\u00c7\u00c3O<\/h2>\n\n\n\n<p>A Optimed conservar\u00e1 os dados pessoais dos utilizadores pelo per\u00edodo de tempo necess\u00e1rio \u00e0 realiza\u00e7\u00e3o das finalidades para as quais foram recolhidos. No caso de existir um contrato entre a Optimed e o utilizador, os dados ser\u00e3o conservados durante o prazo de vig\u00eancia do contrato acrescido dos prazos de prescri\u00e7\u00e3o e caducidade dos direitos dele decorrentes, salvo se a Optimed for obrigada a mant\u00ea-los por prazo mais longo por for\u00e7a da lei. A Optimed poder\u00e1 ainda manter os dados para al\u00e9m desses per\u00edodos para fins estat\u00edsticos, devendo para este efeito anonimiz\u00e1-los.<\/p>\n\n\n\n<h2 class=\"wp-block-heading\">6. DIREITOS DOS UTILIZADORES<\/h2>\n\n\n\n<p>O utilizador tem o direito de solicitar \u00e0 Optimed o acesso aos dados pessoais que lhe digam respeito, bem como a sua retifica\u00e7\u00e3o ou o seu apagamento. Tem ainda o direito \u00e0 limita\u00e7\u00e3o do tratamento no que diz respeito ao utilizador, ou o direito de se opor ao tratamento, bem como o direito \u00e0 portabilidade dos dados, nos termos das leis que regem o tratamento de dados pessoais. O direito de elimina\u00e7\u00e3o ficar\u00e1 condicionado nos casos de dados pessoais que s\u00e3o necess\u00e1rios ao cumprimento de obriga\u00e7\u00f5es legais. Para exerc\u00edcio dos direitos acima referidos, o utilizador poder\u00e1 contactar o respons\u00e1vel pelo tratamento de dados atrav\u00e9s dos endere\u00e7os indicados no ponto n\u00ba1 da presente pol\u00edtica. O utilizador tamb\u00e9m tem o direito de apresentar uma reclama\u00e7\u00e3o \u00e0 Comiss\u00e3o Nacional de Prote\u00e7\u00e3o de Dados, se entender que os seus direitos sobre os seus dados pessoais foram infringidos.<br><br>Para qualquer quest\u00e3o relacionada com a presente pol\u00edtica de privacidade, o utilizador poder\u00e1 ainda contactar o encarregado de prote\u00e7\u00e3o de dados (DPO)<\/p>\n\n\n\n<h2 class=\"wp-block-heading\">7. MEDIDAS DE SEGURAN\u00c7A<\/h2>\n\n\n\n<p>A Optimed desenvolve os seus melhores esfor\u00e7os para proteger os dados pessoais dos utilizadores contra acessos n\u00e3o autorizados atrav\u00e9s da Internet. Para o efeito utiliza sistemas de seguran\u00e7a, regras e outros procedimentos, de modo a garantir a prote\u00e7\u00e3o dos dados pessoais, bem como a prevenir o acesso n\u00e3o autorizado aos dados, o uso impr\u00f3prio, a sua divulga\u00e7\u00e3o, perda ou destrui\u00e7\u00e3o. \u00c9, no entanto, da responsabilidade dos utilizadores, garantir e assegurar que o dispositivo utilizado para aceder ao website se encontra adequadamente protegido contra softwares nocivos, v\u00edrus inform\u00e1ticos e worms. Os utilizadores dever\u00e3o estar cientes que, sem a ado\u00e7\u00e3o de medidas de seguran\u00e7a adequadas (por exemplo, a configura\u00e7\u00e3o segura do programa de navega\u00e7\u00e3o, software antiv\u00edrus atualizado, software de barreira de seguran\u00e7a e a n\u00e3o utiliza\u00e7\u00e3o de software de origem duvidosa), o risco de os dados pessoais e passwords serem acedidos por terceiros n\u00e3o autorizados, \u00e9 agravado. Adicionalmente, caso detete algum defeito, bug ou anomalia no website o utilizador dever\u00e1 comunicar de imediato a sua exist\u00eancia \u00e0 Optimed e n\u00e3o procurar atrav\u00e9s dos referidos aceder a informa\u00e7\u00e3o comercial, dados pessoais de outros utilizadores, alterar as caracter\u00edsticas do website ou, de qualquer outra maneira, explorar o defeito, bug ou anomalia para utilizar os canais digitais de forma irregular, il\u00edcita ou diferente da desenhada pela Optimed.<\/p>\n\n\n\n<h2 class=\"wp-block-heading\">8. PARTILHA DE NOT\u00cdCIAS<\/h2>\n\n\n\n<p>Atrav\u00e9s do website, o utilizador pode partilhar not\u00edcias relevantes nas v\u00e1rias plataformas de redes sociais, nomeadamente: Facebook, Instagram, LinkedIn e Twitter. A Optimed n\u00e3o se pode responsabilizar pelo tratamento dos seus dados pessoais que seja levado a cabo por estas plataformas na sequ\u00eancia da sua partilha. Deste modo, o utilizador dever\u00e1 ler com cuidado os Termos e Condi\u00e7\u00f5es e Pol\u00edticas de Privacidade destas plataformas antes de partilhar not\u00edcias.<\/p>\n\n\n\n<h2 class=\"wp-block-heading\">9. Cookies<\/h2>\n\n\n\n<p>O website utiliza cookies. Para saber mais visite a nossa Pol\u00edtica de Cookies.<\/p>\n\n\n\n<h2 class=\"wp-block-heading\">10. ALTERA\u00c7\u00d5ES \u00c0 POL\u00cdTICA DE PRIVACIDADE<\/h2>\n\n\n\n<p>A Optimed poder\u00e1 alterar a presente Pol\u00edtica de Privacidade a todo o momento. Quando essas altera\u00e7\u00f5es ocorram, ser\u00e3o divulgadas atrav\u00e9s do website e\/ou comunicadas aos utilizadores atrav\u00e9s dos contactos disponibilizados.<br><br>\u200d<strong>Data da \u00faltima altera\u00e7\u00e3o:<\/strong> 07 de Abril de 2026<\/p>\n\n\n\n<h2 class=\"wp-block-heading\">POL\u00cdTICA DE COOKIES<\/h2>\n\n\n\n<p>Esta Pol\u00edtica de Cookies explica como utilizamos as informa\u00e7\u00f5es recolhidas atrav\u00e9s de cookies e outras tecnologias de rastreio no presente s\u00edtio eletr\u00f3nico \u201dwww.optimed.pt\u201d de Optimed. Estes Canais Digitais utilizam cookies n\u00e3o s\u00f3 para garantir que funcionam corretamente, como para lhe proporcionar uma melhor experi\u00eancia de navega\u00e7\u00e3o, permitindo a melhoria cont\u00ednua dos servi\u00e7os disponibilizados ou proteger os seus dados. A Pol\u00edtica de Cookies deve ser lida em conjunto com a nossa Pol\u00edtica de Privacidade, onde explicamos como protegemos a sua privacidade na utiliza\u00e7\u00e3o que fazemos de cookies e outras informa\u00e7\u00f5es. Para quaisquer quest\u00f5es sobre a Pol\u00edtica de Cookies, poder\u00e1 contactar a Optimed atrav\u00e9s dos seguintes pontos de contacto:<br>\u200d<br>Atendimento a clientes: 296 285 649 ou 296 098 863<br>Contacto eletr\u00f3nico: geral@optimed.pt<br><\/p>\n\n\n\n<h2 class=\"wp-block-heading\">O QUE S\u00c3O COOKIES?<\/h2>\n\n\n\n<p>Os cookies s\u00e3o pequenos ficheiros de informa\u00e7\u00e3o colocados pelos websites que visita e que s\u00e3o armazenados no browser do dispositivo que utiliza para aceder \u00e0 internet (por exemplo, o seu computador ou telem\u00f3vel). Estes ficheiros ajudam o website a memorizar informa\u00e7\u00f5es sobre a sua visita e a facilitar a sua pr\u00f3xima visita: mantendo as a\u00e7\u00f5es e prefer\u00eancias dos Utilizadores durante um certo per\u00edodo de tempo, mantendo ou reconhecendo o seu username (nome de utilizador), a l\u00edngua em que pretende navegar no site ou outras defini\u00e7\u00f5es. Os cookies podem ser classificados tendo em conta<br>v\u00e1rios crit\u00e9rios.<br>\u200d<br>Considerando a sua finalidade, os cookies podem ser:<br><br><strong>(a) Cookies estritamente necess\u00e1rios<\/strong> \u2013 quando s\u00e3o necess\u00e1rios para assegurar o funcionamento do website e\/ou para assegurar a disponibiliza\u00e7\u00e3o de funcionalidades que sejam solicitadas pelo utilizador, ou ainda para guardar as suas prefer\u00eancias relativamente \u00e0 navega\u00e7\u00e3o no mesmo, sempre que utilizar o mesmo dispositivo e assim o solicite.<br><br><strong>(<\/strong><strong>b) Cookies anal\u00edticos<\/strong> \u2013 t\u00eam car\u00e1cter acess\u00f3rio e recolhem informa\u00e7\u00e3o estat\u00edstica com o intuito de ajudar os propriet\u00e1rios de websites a analisar a utiliza\u00e7\u00e3o dos mesmos e a entender melhor o envolvimento dos seus visitantes com os websites. Outra das fun\u00e7\u00f5es para que poder\u00e3o ser utilizados estes cookies, em conjunto com alguns cookies de publicidade, \u00e9 a de permitir medir as intera\u00e7\u00f5es com os an\u00fancios que apresentamos.<br><br>\u200d<strong>(c) Cookies de personaliza\u00e7\u00e3o<\/strong> \u2013 t\u00eam car\u00e1cter acess\u00f3rio (n\u00e3o necess\u00e1rios para o funcionamento do website, mas podem melhorar o seu desempenho) e s\u00e3o utilizados para a personaliza\u00e7\u00e3o da experi\u00eancia de navega\u00e7\u00e3o do utilizador.<br><br>\u200d<strong>(d) Cookies de publicidade<\/strong> \u2013 t\u00eam car\u00e1cter acess\u00f3rio e visam tornar a publicidade mais atrativa para utilizadores e anunciantes, atrav\u00e9s da sele\u00e7\u00e3o de publicidade com base no que \u00e9 relevante para o utilizador, de forma a melhorar os relat\u00f3rios sobre desempenho de campanhas e evitar mostrar an\u00fancios que o utilizador j\u00e1 tenha visto ou assinalado como n\u00e3o sendo relevantes.<br><br>Considerando o per\u00edodo de vida \u00fatil dos cookies, estes podem ser distinguidos entre:<br><br>\u200d<strong>(a) Cookies de sess\u00e3o<\/strong> \u2013 t\u00eam car\u00e1cter provis\u00f3rio, sendo eliminados do arquivo de cookies aquando ou pouco depois do fecho do browser ou aplica\u00e7\u00e3o utilizados para aceder aos Canais Digitais. Atrav\u00e9s deste tipo de cookies \u00e9 poss\u00edvel, por exemplo, analisar padr\u00f5es de tr\u00e1fego na web, permitindo-nos identificar problemas, salvaguardar a seguran\u00e7a e fornecer uma melhor experi\u00eancia de navega\u00e7\u00e3o.<br><br>\u200d<strong>(b) Cookies permanentes<\/strong> \u2013 ao contr\u00e1rio dos cookies de sess\u00e3o, estes n\u00e3o s\u00e3o eliminados no fecho do browser ou aplica\u00e7\u00e3o, permanecendo guardados nos dispositivos do Utilizador. S\u00e3o utilizados sempre que \u00e9 feita uma nova visita ao website, permitindo, por exemplo, personalizar a experi\u00eancia de navega\u00e7\u00e3o de acordo com os interesses do Utilizador e prestar um servi\u00e7o mais individualizado.<br><br>Considerando a entidade que coloca os cookies, estes poder\u00e3o classificar-se da seguinte forma:<br>\u200d<br>\u200d<strong>(a) Cookies pr\u00f3prios<\/strong> \u2013 s\u00e3o enviados para o dispositivo do Utilizador atrav\u00e9s de equipamentos ou dom\u00ednios geridos pela Optimed e a partir do qual se presta o servi\u00e7o solicitado pelo Utilizador.<br><br>\u200d<strong>(b) Cookies de terceiros<\/strong> \u2013 s\u00e3o enviados para o dispositivo do Utilizador a partir de um equipamento ou dom\u00ednio gerido por uma entidade terceira sob a qual a Optimed n\u00e3o tem controlo. Nestes casos, a entidade terceira poder\u00e1 tratar os dados recolhidos atrav\u00e9s dos cookies e a Optimed poder\u00e1 n\u00e3o ter a capacidade de configurar o seu funcionamento.<\/p>\n\n\n\n<h2 class=\"wp-block-heading\">PARA QUE SERVEM OS NOSSOS COOKIES?<\/h2>\n\n\n\n<p>No website, a Optimed utiliza os seguintes tipos de cookies:<br><br>\u200d<strong>a) Cookies estritamente necess\u00e1rios;<\/strong><br><strong>b) Cookies anal\u00edticos;<\/strong><br><strong>c) Cookies de personaliza\u00e7\u00e3o;<\/strong><br><strong>d) Cookies de publicidade.<\/strong> Pode acontecer que nem todos os nossos Canais Digitais utilizem<br>todas as categorias de cookies acima elencadas.<\/p>\n\n\n\n<h2 class=\"wp-block-heading\">DEVO ACEITAR A UTILIZA\u00c7\u00c3O DE COOKIES?<\/h2>\n\n\n\n<p>No caso dos cookies estritamente necess\u00e1rios, n\u00e3o \u00e9 poss\u00edvel ao website funcionar sem eles. Quanto aos outros tipos de cookies, a escolha \u00e9 do utilizador. De acordo com a legisla\u00e7\u00e3o em vigor, os Canais Digitais apenas poder\u00e3o utilizar cookies mediante o consentimento pr\u00e9vio e expresso do utilizador, exceto se a coloca\u00e7\u00e3o de determinados cookies for estritamente necess\u00e1ria para lhe prestar o servi\u00e7o que tenha expressamente solicitado ou para lhe disponibilizar o acesso a uma determinada funcionalidade dos Canais Digitais.<\/p>\n\n\n\n<h2 class=\"wp-block-heading\">COMO POSSO GERIR AS MINHAS PREFER\u00caNCIAS DE COOKIES?<\/h2>\n\n\n\n<p>Todos os browsers permitem ao utilizador aceitar, recusar ou apagar cookies, e ainda informar o utilizador sempre que um cookie \u00e9 recebido, nomeadamente atrav\u00e9s da sele\u00e7\u00e3o das defini\u00e7\u00f5es apropriadas no respetivo navegador. O utilizador pode configurar os cookies no menu \u201cop\u00e7\u00f5es\u201d ou \u201cprefer\u00eancias\u201d do seu browser.<br><br>Por favor, esteja ciente de que desativar cookies atrav\u00e9s das defini\u00e7\u00f5es do seu browser pode ter um impacto no funcionamento dos Canais Digitais, uma vez que o painel de configura\u00e7\u00f5es da generalidade dos browsers modernos n\u00e3o oferece um n\u00edvel de detalhe que permita aos utilizadores afastar todos os cookies que n\u00e3o sejam estritamente necess\u00e1rios para permitir a utiliza\u00e7\u00e3o dos websites que visite. Nos equipamentos que ofere\u00e7am este tipo de funcionalidades, poder\u00e1 ter maior controlo sobre os seus cookies com recurso a extens\u00f5es gratuitas dispon\u00edveis online.<\/p>\n\n\n\n<h2 class=\"wp-block-heading\">ALTERA\u00c7\u00d5ES \u00c0 POL\u00cdTICA DE COOKIES<\/h2>\n\n\n\n<p>A Optimed poder\u00e1, a todo o momento, sem aviso pr\u00e9vio e com efeitos imediatos, alterar, acrescentar ou revogar, parcial ou totalmente, a presente Pol\u00edtica de Cookies. Quaisquer altera\u00e7\u00f5es relevantes para o utilizador ser\u00e3o imediatamente divulgadas nos Canais Digitais, podendo aceder \u00e0 informa\u00e7\u00e3o e, consoante o tipo de cookie em causa, consentir na sua utiliza\u00e7\u00e3o.<br><br>\u00daltima atualiza\u00e7\u00e3o: 07 de Abril de 2026<\/p>","protected":false},"excerpt":{"rendered":"1. \u00c2MBITO DE APLICA\u00c7\u00c3O E RESPONS\u00c1VEL PELO TRATAMENTO DE DADOS Esta pol\u00edtica de privacidade aplica-se a todos os dados pessoais recolhidos atrav\u00e9s do website www.optimed.pt da Optimed. A entidade respons\u00e1vel pelo tratamento destes dados \u00e9: Optimed, com o n\u00famero de pessoa coletiva 512072280, com sede na Rua de S\u00e3o Jo\u00e3o n\u00ba20, Munic\u00edpio de Ponta Delgada&#8230;. <a class=\"view-article\" href=\"https:\/\/optimed.pt\/en\/privacy-policy\/\">View Article<\/a>","protected":false},"author":1,"featured_media":0,"parent":0,"menu_order":0,"comment_status":"closed","ping_status":"open","template":"page-politica-de-privacidade.php","meta":{"footnotes":""},"class_list":["post-3","page","type-page","status-publish","hentry"],"_links":{"self":[{"href":"https:\/\/optimed.pt\/en\/wp-json\/wp\/v2\/pages\/3","targetHints":{"allow":["GET"]}}],"collection":[{"href":"https:\/\/optimed.pt\/en\/wp-json\/wp\/v2\/pages"}],"about":[{"href":"https:\/\/optimed.pt\/en\/wp-json\/wp\/v2\/types\/page"}],"author":[{"embeddable":true,"href":"https:\/\/optimed.pt\/en\/wp-json\/wp\/v2\/users\/1"}],"replies":[{"embeddable":true,"href":"https:\/\/optimed.pt\/en\/wp-json\/wp\/v2\/comments?post=3"}],"version-history":[{"count":3,"href":"https:\/\/optimed.pt\/en\/wp-json\/wp\/v2\/pages\/3\/revisions"}],"predecessor-version":[{"id":275,"href":"https:\/\/optimed.pt\/en\/wp-json\/wp\/v2\/pages\/3\/revisions\/275"}],"wp:attachment":[{"href":"https:\/\/optimed.pt\/en\/wp-json\/wp\/v2\/media?parent=3"}],"curies":[{"name":"wp","href":"https:\/\/api.w.org\/{rel}","templated":true}]}}